{"id":114,"date":"2024-08-29T13:32:32","date_gmt":"2024-08-29T13:32:32","guid":{"rendered":"https:\/\/www.colegioalca.com\/index.php\/contact-2\/"},"modified":"2024-09-20T10:07:09","modified_gmt":"2024-09-20T10:07:09","slug":"contact-2","status":"publish","type":"page","link":"https:\/\/www.colegioalca.com\/index.php\/contact-2\/","title":{"rendered":"Ideario y Proyecto educativo"},"content":{"rendered":"<style>.elementor-114 .elementor-element.elementor-element-2ca8480{--display:flex;}.elementor-114 .elementor-element.elementor-element-4e246c0{text-align:center;}.elementor-114 .elementor-element.elementor-element-4e246c0 .elementor-heading-title{color:var( --e-global-color-primary );}.elementor-114 .elementor-element.elementor-element-b3e6386{--display:flex;}.elementor-114 .elementor-element.elementor-element-6d5d212{--display:flex;--flex-direction:column;--container-widget-width:100%;--container-widget-height:initial;--container-widget-flex-grow:0;--container-widget-align-self:initial;--flex-wrap-mobile:wrap;}.elementor-114 .elementor-element.elementor-element-278ab02{text-align:center;}.elementor-114 .elementor-element.elementor-element-278ab02 .elementor-heading-title{color:var( --e-global-color-primary );}<\/style>\t\t<div data-elementor-type=\"wp-page\" data-elementor-id=\"114\" class=\"elementor elementor-114\" data-elementor-post-type=\"page\">\n\t\t\t\t<div class=\"elementor-element elementor-element-2ca8480 e-flex e-con-boxed e-con e-parent\" data-id=\"2ca8480\" data-element_type=\"container\" data-e-type=\"container\">\n\t\t\t\t\t<div class=\"e-con-inner\">\n\t\t\t\t<div class=\"elementor-element elementor-element-4e246c0 elementor-widget elementor-widget-heading\" data-id=\"4e246c0\" data-element_type=\"widget\" data-e-type=\"widget\" data-widget_type=\"heading.default\">\n\t\t\t\t<div class=\"elementor-widget-container\">\n\t\t\t\t\t<h2 class=\"elementor-heading-title elementor-size-default\">Ideario y Proyecto educativo<\/h2>\t\t\t\t<\/div>\n\t\t\t\t<\/div>\n\t\t\t\t\t<\/div>\n\t\t\t\t<\/div>\n\t\t<div class=\"elementor-element elementor-element-b3e6386 e-flex e-con-boxed e-con e-parent\" data-id=\"b3e6386\" data-element_type=\"container\" data-e-type=\"container\">\n\t\t\t\t\t<div class=\"e-con-inner\">\n\t\t\t\t<div class=\"elementor-element elementor-element-82accff elementor-widget elementor-widget-text-editor\" data-id=\"82accff\" data-element_type=\"widget\" data-e-type=\"widget\" data-widget_type=\"text-editor.default\">\n\t\t\t\t<div class=\"elementor-widget-container\">\n\t\t\t\t\t\t\t\t\t<p>Se trata de dar prioridad, dentro de lo establecido por ley como valores y fines de la educaci\u00f3n, a aquellos que potencien y faciliten la consecuci\u00f3n de nuestros objetivos.<\/p><p>Entendemos la ense\u00f1anza como:<\/p><ul><li>Participativa, plural y democr\u00e1tica.<\/li><li>Coeducativa.<\/li><li>Atenta a la diversidad, integradora y comprometida frente a situaciones de desequilibrio.<\/li><li>Aconfesional, sin dogmatismos, que potencie la libertad individual y colectiva.<\/li><li>Biling\u00fce, potenciando el uso del idioma propio, que conozca su realidad cultural, la defienda y la ampl\u00ede.<\/li><\/ul><p>Pretendemos conseguir los siguientes objetivos generales: a. Potenciar y facilitar un clima de di\u00e1logo, tolerancia y respeto entre todos los miembros y \u00f3rganos que constituyen la comunidad escolar fomentando la informaci\u00f3n, la comunicaci\u00f3n y la participaci\u00f3n.<\/p><p>b. Favorecer una formaci\u00f3n y desarrollo personal plenos, integrales y arm\u00f3nicos del alumnado, que les capacite para vivir en sociedad, integr\u00e1ndose y adapt\u00e1ndose adecuadamente.<\/p><p>c. Desarrollar en el alumnado un esp\u00edritu observador y creativo, as\u00ed como un esp\u00edritu cr\u00edtico, potenciando el derecho a discrepar de manera razonada y respetuosa.<\/p><p>d. Promover la adquisici\u00f3n de h\u00e1bitos intelectuales y t\u00e9cnicas de trabajo, as\u00ed como conocimientos adaptados a la realidad y capacidades del alumnado.<\/p><p>e. Promover un clima coeducativo en el que no existan discriminaciones por raz\u00f3n de g\u00e9nero y se valoren las caracter\u00edsticas individuales.<\/p><p>f. Propiciar y desarrollar la formaci\u00f3n del alumnado en el respeto a la pluralidad ling\u00fc\u00edstica y cultural, favoreciendo la integraci\u00f3n de otras culturas.<\/p><p>g. Favorecer una educaci\u00f3n de calidad a trav\u00e9s de una actitud de continua renovaci\u00f3n e innovaci\u00f3n pedag\u00f3gica.<\/p><p>h. Valorar el esfuerzo y el progreso personal seg\u00fan la capacidad intelectual, evitando la excesiva competitividad.<\/p><p>i. Compensar la situaci\u00f3n de desventaja facilitando el acceso a la informaci\u00f3n y utilizando todos los recursos tanto humanos como institucionales y materiales para paliar las deficiencias.<\/p><p>j. Favorecer el acercamiento de la cultura y la educaci\u00f3n a las familias estableciendo canales de colaboraci\u00f3n, participaci\u00f3n y relaci\u00f3n.<\/p><p>k. Lograr la normalizaci\u00f3n del uso del gallego y el conocimiento de nuestra cultura y su difusi\u00f3n.<\/p><p>l. Proporcionar a nuestro alumnado una adecuada orientaci\u00f3n personal, escolar y profesional mediante un sistema adecuado de tutor\u00edas.<\/p><p>m. Desarrollar nuestra actividad educativa en un clima equilibrado y acogedor.<\/p><p>n. Favorecer el proceso de integraci\u00f3n total de los alumnos\/as procedentes del extranjero.<\/p><p>o. Potenciar la motivaci\u00f3n del alumnado.<\/p>\t\t\t\t\t\t\t\t<\/div>\n\t\t\t\t<\/div>\n\t\t\t\t\t<\/div>\n\t\t\t\t<\/div>\n\t\t<div class=\"elementor-element elementor-element-6d5d212 e-flex e-con-boxed e-con e-parent\" data-id=\"6d5d212\" data-element_type=\"container\" data-e-type=\"container\">\n\t\t\t\t\t<div class=\"e-con-inner\">\n\t\t\t\t<div class=\"elementor-element elementor-element-278ab02 elementor-widget elementor-widget-heading\" data-id=\"278ab02\" data-element_type=\"widget\" data-e-type=\"widget\" data-widget_type=\"heading.default\">\n\t\t\t\t<div class=\"elementor-widget-container\">\n\t\t\t\t\t<h2 class=\"elementor-heading-title elementor-size-default\">Aula de estimulaci\u00f3n temprana<\/h2>\t\t\t\t<\/div>\n\t\t\t\t<\/div>\n\t\t\t\t<div class=\"elementor-element elementor-element-66c7225 elementor-widget elementor-widget-text-editor\" data-id=\"66c7225\" data-element_type=\"widget\" data-e-type=\"widget\" data-widget_type=\"text-editor.default\">\n\t\t\t\t<div class=\"elementor-widget-container\">\n\t\t\t\t\t\t\t\t\t<p>El programa de estimulaci\u00f3n temprana busca ayudar a nuestros alumnos m\u00e1s peque\u00f1os a desarrollar sus capacidades desde el comienzo de la escolaridad.<\/p><p>La Estimulaci\u00f3n Temprana es una metodolog\u00eda desarrollada por el doctor estadounidense <strong>Glenn Doman<\/strong>. Con ella se trata de estimular el cerebro de los alumnos\/as, buscando la potenciaci\u00f3n de sus\u00a0habilidades perceptivas, motrices, cognitivas, ling\u00fc\u00edsticas y sociales que har\u00e1n que el ni\u00f1o alcance una mayor madurez en su desarrollo.<\/p><p>Uno de sus\u00a0principios b\u00e1sicos es tratar de ofrecer oportunidades al ni\u00f1o para que su cerebro, con un trabajo sistem\u00e1tico de calidad, alcance la excelencia en su desarrollo. Dicha metodolog\u00eda se desarrolla a trav\u00e9s de 5 programas:<\/p><ul><li><strong>Programa Enciclop\u00e9dico (bits enciclop\u00e9dicos)<\/strong>: a trav\u00e9s de bits (tarjetas de im\u00e1genes) de diferentes categor\u00edas se produce una estimulaci\u00f3n neuronal, creando esquemas que, a su vez, servir\u00e1n de base y cimientos a los futuros conocimientos que adquieran. As\u00ed, mejora su atenci\u00f3n y se crea un almac\u00e9n tanto visual como auditivo de gran envergadura.<\/li><li><strong>Programa de Lectura<\/strong>: se les ense\u00f1a a leer mediante bits de palabras, pares de palabras\u2026.con lo que tambi\u00e9n se desarrollar\u00e1n su memoria visual y auditiva.<\/li><li><strong>Programa Musical<\/strong>: conocen diferentes instrumentos, compositores y obras. Esto les ayudar\u00e1 a educar el o\u00eddo y les capacitar\u00e1 para la adquisici\u00f3n de nuevas lenguas y la m\u00fasica.<\/li><li><strong>Programa Matem\u00e1tico<\/strong>: se les muestra n\u00fameros, cantidades y operaciones aritm\u00e9ticas\u2026 desarrollando la capacidad neurol\u00f3gica necesaria para la comprensi\u00f3n del lenguaje matem\u00e1tico.<\/li><li><strong>Programa Motor<\/strong>: realizan diferentes ejercicios f\u00edsicos (braqueo, gateo, arrastre\u2026). Con esto los ni\u00f1os desarrollar\u00e1n el equilibrio, la lateralidad y la destreza manual, lo que repercutir\u00e1 tambi\u00e9n en su desarrollo grafomotor.<\/li><\/ul>\t\t\t\t\t\t\t\t<\/div>\n\t\t\t\t<\/div>\n\t\t\t\t\t<\/div>\n\t\t\t\t<\/div>\n\t\t\t\t<\/div>\n\t\t","protected":false},"excerpt":{"rendered":"<p>Ideario y Proyecto educativo Se trata de dar prioridad, dentro de lo establecido por ley como valores y fines de la educaci\u00f3n, a aquellos que potencien y faciliten la consecuci\u00f3n de nuestros objetivos. Entendemos la ense\u00f1anza como: Participativa, plural y democr\u00e1tica. Coeducativa. Atenta a la diversidad, integradora y comprometida frente a situaciones de desequilibrio. Aconfesional, [&hellip;]<\/p>\n","protected":false},"author":1,"featured_media":0,"parent":0,"menu_order":0,"comment_status":"closed","ping_status":"closed","template":"elementor_header_footer","meta":{"footnotes":""},"class_list":["post-114","page","type-page","status-publish","hentry"],"_links":{"self":[{"href":"https:\/\/www.colegioalca.com\/index.php\/wp-json\/wp\/v2\/pages\/114","targetHints":{"allow":["GET"]}}],"collection":[{"href":"https:\/\/www.colegioalca.com\/index.php\/wp-json\/wp\/v2\/pages"}],"about":[{"href":"https:\/\/www.colegioalca.com\/index.php\/wp-json\/wp\/v2\/types\/page"}],"author":[{"embeddable":true,"href":"https:\/\/www.colegioalca.com\/index.php\/wp-json\/wp\/v2\/users\/1"}],"replies":[{"embeddable":true,"href":"https:\/\/www.colegioalca.com\/index.php\/wp-json\/wp\/v2\/comments?post=114"}],"version-history":[{"count":14,"href":"https:\/\/www.colegioalca.com\/index.php\/wp-json\/wp\/v2\/pages\/114\/revisions"}],"predecessor-version":[{"id":1056,"href":"https:\/\/www.colegioalca.com\/index.php\/wp-json\/wp\/v2\/pages\/114\/revisions\/1056"}],"wp:attachment":[{"href":"https:\/\/www.colegioalca.com\/index.php\/wp-json\/wp\/v2\/media?parent=114"}],"curies":[{"name":"wp","href":"https:\/\/api.w.org\/{rel}","templated":true}]}}