{"id":164,"date":"2024-08-29T13:33:04","date_gmt":"2024-08-29T13:33:04","guid":{"rendered":"https:\/\/www.colegioalca.com\/index.php\/event\/"},"modified":"2024-09-04T15:30:51","modified_gmt":"2024-09-04T15:30:51","slug":"event","status":"publish","type":"page","link":"https:\/\/www.colegioalca.com\/index.php\/event\/","title":{"rendered":"Aviso Legal y Pol\u00edtica de privacidad"},"content":{"rendered":"<style>.elementor-164 .elementor-element.elementor-element-fac24ea{--display:flex;}.elementor-164 .elementor-element.elementor-element-f74702b{--display:flex;}<\/style>\t\t<div data-elementor-type=\"wp-page\" data-elementor-id=\"164\" class=\"elementor elementor-164\" data-elementor-post-type=\"page\">\n\t\t\t\t<div class=\"elementor-element elementor-element-fac24ea e-flex e-con-boxed e-con e-parent\" data-id=\"fac24ea\" data-element_type=\"container\" data-e-type=\"container\">\n\t\t\t\t\t<div class=\"e-con-inner\">\n\t\t\t\t\t<\/div>\n\t\t\t\t<\/div>\n\t\t<div class=\"elementor-element elementor-element-f74702b e-flex e-con-boxed e-con e-parent\" data-id=\"f74702b\" data-element_type=\"container\" data-e-type=\"container\">\n\t\t\t\t\t<div class=\"e-con-inner\">\n\t\t\t\t<div class=\"elementor-element elementor-element-dd0c558 elementor-widget elementor-widget-text-editor\" data-id=\"dd0c558\" data-element_type=\"widget\" data-e-type=\"widget\" data-widget_type=\"text-editor.default\">\n\t\t\t\t<div class=\"elementor-widget-container\">\n\t\t\t\t\t\t\t\t\t<h3>\u00bfQui\u00e9n es el responsable del tratamiento de sus datos?<\/h3><ul><li>Identidad:\u00a0<strong>COLEGIO ALCA, S.L.<\/strong><\/li><li>CIF:\u00a0<strong>B15559222<\/strong><\/li><li>Direcci\u00f3n postal:\u00a0<strong>LUGAR DE BIDUIDO, N\u00ba 36 ,15895 BIDUIDO DE ARRIBA (AMES) (CORU\u00d1A, A)<\/strong><\/li><li>Tel\u00e9fono:\u00a0<strong>981531103<\/strong><\/li><li>Correo electr\u00f3nico:\u00a0<a class=\"linkContenido\" href=\"mailto:admin@colegioalca.com\"><strong>admin@colegioalca.com<\/strong><\/a><\/li><\/ul><h3><br \/>\u00bfCon qu\u00e9 finalidad y por cu\u00e1nto tiempo tratamos sus datos personales?<\/h3><ul><li>Como finalidad principal en la entidad tratamos la informaci\u00f3n que nos facilitan las personas interesadas con el fin de gestionar la relaci\u00f3n contractual que nos vincula mientras dure dicho contrato o durante los a\u00f1os necesarios para cumplir con las obligaciones legales.<\/li><li>Adicionalmente, y solo en el caso de que Usted lo consienta, trataremos los datos identificativos para comunicaciones y\/o informaci\u00f3n, los mantendremos mientras no se solicite su supresi\u00f3n por el interesado.<\/li><\/ul><h3><br \/>\u00bfCu\u00e1l es la legitimaci\u00f3n para el tratamiento de sus datos?<\/h3><ul><li>La base legal de los tratamientos es el consentimiento que se le solicita.<\/li><\/ul><h3><br \/>\u00bfA qu\u00e9 destinatarios se comunicar\u00e1n sus datos?<\/h3><ul><li>Los destinatarios de los datos que se tratan con la finalidad principal son las Administraciones p\u00fablicas competentes para el cumplimiento de obligaciones legales.<\/li><\/ul><h3><br \/>\u00bfCu\u00e1les son sus derechos cuando nos facilita sus datos?<\/h3><ul><li>Cualquier persona tiene derecho a obtener confirmaci\u00f3n sobre si en la entidad estamos tratando datos personales que les conciernen o no, a acceder a sus datos personales, as\u00ed como a solicitar la rectificaci\u00f3n de los datos inexactos o, en su caso, solicitar su supresi\u00f3n cuando, entre otros motivos, los datos ya no sean necesarios para los fines que fueron recogidos.<br \/>Los anteriores derechos de acceso, rectificaci\u00f3n, supresi\u00f3n, limitaci\u00f3n, oposici\u00f3n y portabilidad pueden ejercerse directamente por el titular de los datos o mediante representante legal o voluntario, a trav\u00e9s del responsable de tratamiento en su direcci\u00f3n sita\u00a0<strong>LUGAR DE BIDUIDO, N\u00ba 36 ,15895 BIDUIDO DE ARRIBA (AMES) (CORU\u00d1A, A)<\/strong>\u00a0o la siguiente direcci\u00f3n de correo electr\u00f3nico\u00a0<a class=\"linkContenido\" href=\"mailto:admin@colegioalca.com\"><strong>admin@colegioalca.com<\/strong><\/a>. El escrito deber\u00e1 estar firmado por el interesado o su representante legal y contener: nombre y apellidos del interesado; fotocopia de su documento nacional de identidad, o de su pasaporte u otro documento v\u00e1lido que lo identifique y, en su caso, de la persona que lo represente, o instrumentos electr\u00f3nicos equivalentes; documento o instrumento electr\u00f3nico acreditativo de tal representaci\u00f3n. La utilizaci\u00f3n de firma electr\u00f3nica identificativa del solicitante exime de la presentaci\u00f3n de las fotocopias del DNI o documento equivalente.<\/li><li>Cuando el tratamiento tenga su base legal en el consentimiento, tendr\u00e1 derecho a revocar dicho consentimiento en cualquier momento.<\/li><li>Las personas interesadas adem\u00e1s tienen derecho a presentar una reclamaci\u00f3n ante la Agencia Espa\u00f1ola de Protecci\u00f3n de Datos si considera que el tratamiento de datos no es acorde con la normativa de protecci\u00f3n de datos.<\/li><\/ul>\t\t\t\t\t\t\t\t<\/div>\n\t\t\t\t<\/div>\n\t\t\t\t\t<\/div>\n\t\t\t\t<\/div>\n\t\t\t\t<\/div>\n\t\t","protected":false},"excerpt":{"rendered":"<p>\u00bfQui\u00e9n es el responsable del tratamiento de sus datos? Identidad:\u00a0COLEGIO ALCA, S.L. CIF:\u00a0B15559222 Direcci\u00f3n postal:\u00a0LUGAR DE BIDUIDO, N\u00ba 36 ,15895 BIDUIDO DE ARRIBA (AMES) (CORU\u00d1A, A) Tel\u00e9fono:\u00a0981531103 Correo electr\u00f3nico:\u00a0admin@colegioalca.com \u00bfCon qu\u00e9 finalidad y por cu\u00e1nto tiempo tratamos sus datos personales? Como finalidad principal en la entidad tratamos la informaci\u00f3n que nos facilitan las personas interesadas [&hellip;]<\/p>\n","protected":false},"author":1,"featured_media":0,"parent":0,"menu_order":0,"comment_status":"closed","ping_status":"closed","template":"","meta":{"footnotes":""},"class_list":["post-164","page","type-page","status-publish","hentry"],"_links":{"self":[{"href":"https:\/\/www.colegioalca.com\/index.php\/wp-json\/wp\/v2\/pages\/164","targetHints":{"allow":["GET"]}}],"collection":[{"href":"https:\/\/www.colegioalca.com\/index.php\/wp-json\/wp\/v2\/pages"}],"about":[{"href":"https:\/\/www.colegioalca.com\/index.php\/wp-json\/wp\/v2\/types\/page"}],"author":[{"embeddable":true,"href":"https:\/\/www.colegioalca.com\/index.php\/wp-json\/wp\/v2\/users\/1"}],"replies":[{"embeddable":true,"href":"https:\/\/www.colegioalca.com\/index.php\/wp-json\/wp\/v2\/comments?post=164"}],"version-history":[{"count":4,"href":"https:\/\/www.colegioalca.com\/index.php\/wp-json\/wp\/v2\/pages\/164\/revisions"}],"predecessor-version":[{"id":640,"href":"https:\/\/www.colegioalca.com\/index.php\/wp-json\/wp\/v2\/pages\/164\/revisions\/640"}],"wp:attachment":[{"href":"https:\/\/www.colegioalca.com\/index.php\/wp-json\/wp\/v2\/media?parent=164"}],"curies":[{"name":"wp","href":"https:\/\/api.w.org\/{rel}","templated":true}]}}