{"id":202,"date":"2024-08-29T13:33:15","date_gmt":"2024-08-29T13:33:15","guid":{"rendered":"https:\/\/www.colegioalca.com\/index.php\/blog-4\/"},"modified":"2025-01-28T23:13:22","modified_gmt":"2025-01-28T23:13:22","slug":"blog-4","status":"publish","type":"page","link":"https:\/\/www.colegioalca.com\/index.php\/blog-4\/","title":{"rendered":"Instalaciones"},"content":{"rendered":"<style>.elementor-202 .elementor-element.elementor-element-fb2eeeb{--display:flex;}.elementor-202 .elementor-element.elementor-element-5b4adce{text-align:center;}.elementor-202 .elementor-element.elementor-element-5b4adce .elementor-heading-title{color:#FF0000;}.elementor-202 .elementor-element.elementor-element-f96236e{--display:flex;}.elementor-202 .elementor-element.elementor-element-4f1890c{--display:flex;}<\/style>\t\t<div data-elementor-type=\"wp-page\" data-elementor-id=\"202\" class=\"elementor elementor-202\" data-elementor-post-type=\"page\">\n\t\t\t\t<div class=\"elementor-element elementor-element-fb2eeeb e-flex e-con-boxed e-con e-parent\" data-id=\"fb2eeeb\" data-element_type=\"container\" data-e-type=\"container\">\n\t\t\t\t\t<div class=\"e-con-inner\">\n\t\t\t\t<div class=\"elementor-element elementor-element-5b4adce elementor-widget elementor-widget-heading\" data-id=\"5b4adce\" data-element_type=\"widget\" data-e-type=\"widget\" data-widget_type=\"heading.default\">\n\t\t\t\t<div class=\"elementor-widget-container\">\n\t\t\t\t\t<h2 class=\"elementor-heading-title elementor-size-default\">Instalaciones<\/h2>\t\t\t\t<\/div>\n\t\t\t\t<\/div>\n\t\t\t\t\t<\/div>\n\t\t\t\t<\/div>\n\t\t<div class=\"elementor-element elementor-element-f96236e e-flex e-con-boxed e-con e-parent\" data-id=\"f96236e\" data-element_type=\"container\" data-e-type=\"container\">\n\t\t\t\t\t<div class=\"e-con-inner\">\n\t\t\t\t<div class=\"elementor-element elementor-element-b7b0cfb elementor-widget elementor-widget-text-editor\" data-id=\"b7b0cfb\" data-element_type=\"widget\" data-e-type=\"widget\" data-widget_type=\"text-editor.default\">\n\t\t\t\t<div class=\"elementor-widget-container\">\n\t\t\t\t\t\t\t\t\t<p>En el Colegio Alca ofrecemos un entorno educativo moderno y acogedor dise\u00f1ado para fomentar el aprendizaje y el desarrollo integral de nuestros estudiantes. Cada rinc\u00f3n de nuestro colegio est\u00e1 pensado para proporcionar una experiencia educativa enriquecedora y segura, adaptada a las necesidades de nuestros alumnos.<\/p><p>\u00a0<\/p>\t\t\t\t\t\t\t\t<\/div>\n\t\t\t\t<\/div>\n\t\t\t\t\t<\/div>\n\t\t\t\t<\/div>\n\t\t<div class=\"elementor-element elementor-element-4f1890c e-flex e-con-boxed e-con e-parent\" data-id=\"4f1890c\" data-element_type=\"container\" data-e-type=\"container\">\n\t\t\t\t\t<div class=\"e-con-inner\">\n\t\t\t\t\t<\/div>\n\t\t\t\t<\/div>\n\t\t\t\t<\/div>\n\t\t","protected":false},"excerpt":{"rendered":"<p>Instalaciones En el Colegio Alca ofrecemos un entorno educativo moderno y acogedor dise\u00f1ado para fomentar el aprendizaje y el desarrollo integral de nuestros estudiantes. Cada rinc\u00f3n de nuestro colegio est\u00e1 pensado para proporcionar una experiencia educativa enriquecedora y segura, adaptada a las necesidades de nuestros alumnos. \u00a0<\/p>\n","protected":false},"author":1,"featured_media":0,"parent":0,"menu_order":0,"comment_status":"closed","ping_status":"closed","template":"elementor_header_footer","meta":{"footnotes":""},"class_list":["post-202","page","type-page","status-publish","hentry"],"_links":{"self":[{"href":"https:\/\/www.colegioalca.com\/index.php\/wp-json\/wp\/v2\/pages\/202","targetHints":{"allow":["GET"]}}],"collection":[{"href":"https:\/\/www.colegioalca.com\/index.php\/wp-json\/wp\/v2\/pages"}],"about":[{"href":"https:\/\/www.colegioalca.com\/index.php\/wp-json\/wp\/v2\/types\/page"}],"author":[{"embeddable":true,"href":"https:\/\/www.colegioalca.com\/index.php\/wp-json\/wp\/v2\/users\/1"}],"replies":[{"embeddable":true,"href":"https:\/\/www.colegioalca.com\/index.php\/wp-json\/wp\/v2\/comments?post=202"}],"version-history":[{"count":12,"href":"https:\/\/www.colegioalca.com\/index.php\/wp-json\/wp\/v2\/pages\/202\/revisions"}],"predecessor-version":[{"id":1197,"href":"https:\/\/www.colegioalca.com\/index.php\/wp-json\/wp\/v2\/pages\/202\/revisions\/1197"}],"wp:attachment":[{"href":"https:\/\/www.colegioalca.com\/index.php\/wp-json\/wp\/v2\/media?parent=202"}],"curies":[{"name":"wp","href":"https:\/\/api.w.org\/{rel}","templated":true}]}}