{"id":222,"date":"2024-08-29T13:33:27","date_gmt":"2024-08-29T13:33:27","guid":{"rendered":"https:\/\/www.colegioalca.com\/index.php\/about\/"},"modified":"2026-03-18T16:32:07","modified_gmt":"2026-03-18T16:32:07","slug":"about","status":"publish","type":"page","link":"https:\/\/www.colegioalca.com\/index.php\/about\/","title":{"rendered":"Copia sasasa"},"content":{"rendered":"<style>.elementor-222 .elementor-element.elementor-element-c3145e4 > .elementor-container{max-width:1290px;}.elementor-222 .elementor-element.elementor-element-c3145e4 > .elementor-container > .elementor-column > .elementor-widget-wrap{align-content:center;align-items:center;}.elementor-222 .elementor-element.elementor-element-c3145e4:not(.elementor-motion-effects-element-type-background), .elementor-222 .elementor-element.elementor-element-c3145e4 > .elementor-motion-effects-container > .elementor-motion-effects-layer{background-image:url(\"https:\/\/www.colegioalca.com\/wp-content\/uploads\/2025\/01\/BLF8763-1-scaled.jpg\");background-position:top center;background-repeat:no-repeat;background-size:cover;}.elementor-222 .elementor-element.elementor-element-c3145e4 > .elementor-background-overlay{background-color:#010035;background-image:url(\"https:\/\/www.colegioalca.com\/wp-content\/uploads\/2024\/08\/Background-arizon.png\");background-position:center center;background-repeat:no-repeat;background-size:contain;opacity:0.5;transition:background 0.3s, border-radius 0.3s, opacity 0.3s;}.elementor-222 .elementor-element.elementor-element-c3145e4{transition:background 0.3s, border 0.3s, border-radius 0.3s, box-shadow 0.3s;margin-top:-150px;margin-bottom:0px;padding:320px 0px 80px 0px;}.elementor-222 .elementor-element.elementor-element-c1e31cf > .elementor-element-populated{transition:background 0.3s, border 0.3s, border-radius 0.3s, box-shadow 0.3s;}.elementor-222 .elementor-element.elementor-element-c1e31cf > .elementor-element-populated > .elementor-background-overlay{transition:background 0.3s, border-radius 0.3s, opacity 0.3s;}.elementor-222 .elementor-element.elementor-element-8cc8af1 .elementor-heading-title{font-family:var( --e-global-typography-d188700-font-family ), Sans-serif;font-size:var( --e-global-typography-d188700-font-size );font-weight:var( --e-global-typography-d188700-font-weight );text-transform:var( --e-global-typography-d188700-text-transform );line-height:var( --e-global-typography-d188700-line-height );letter-spacing:var( --e-global-typography-d188700-letter-spacing );word-spacing:var( --e-global-typography-d188700-word-spacing );color:#FFFFFF;}.elementor-222 .elementor-element.elementor-element-471ef41{text-align:start;}.elementor-222 .elementor-element.elementor-element-471ef41 .elementor-heading-title{font-family:var( --e-global-typography-edf519d-font-family ), Sans-serif;font-size:var( --e-global-typography-edf519d-font-size );font-weight:var( --e-global-typography-edf519d-font-weight );text-transform:var( --e-global-typography-edf519d-text-transform );line-height:var( --e-global-typography-edf519d-line-height );letter-spacing:var( --e-global-typography-edf519d-letter-spacing );word-spacing:var( --e-global-typography-edf519d-word-spacing );color:#FFFFFF;}.elementor-222 .elementor-element.elementor-element-471ef41 > .elementor-widget-container{margin:-15px 0px -15px 0px;}.elementor-222 .elementor-element.elementor-element-f4e0076{--display:flex;}.elementor-222 .elementor-element.elementor-element-97d1f4e{color:var( --e-global-color-primary );}.elementor-222 .elementor-element.elementor-element-76623b0 .elementor-accordion-icon, .elementor-222 .elementor-element.elementor-element-76623b0 .elementor-accordion-title{color:var( --e-global-color-primary );}.elementor-222 .elementor-element.elementor-element-76623b0 .elementor-accordion-icon svg{fill:var( --e-global-color-primary );}.elementor-222 .elementor-element.elementor-element-95d0a4a{color:var( --e-global-color-primary );}.elementor-222 .elementor-element.elementor-element-1f45fae{--divider-border-style:solid;--divider-color:#000;--divider-border-width:1px;}.elementor-222 .elementor-element.elementor-element-1f45fae .elementor-divider-separator{width:100%;}.elementor-222 .elementor-element.elementor-element-1f45fae .elementor-divider{padding-block-start:15px;padding-block-end:15px;}.elementor-222 .elementor-element.elementor-element-d718698{--display:flex;--flex-direction:column;--container-widget-width:100%;--container-widget-height:initial;--container-widget-flex-grow:0;--container-widget-align-self:initial;--flex-wrap-mobile:wrap;}@media(max-width:1024px) and (min-width:768px){.elementor-222 .elementor-element.elementor-element-c1e31cf{width:100%;}}@media(max-width:1024px){.elementor-222 .elementor-element.elementor-element-c3145e4{margin-top:-140px;margin-bottom:0px;padding:35% 0% 5% 0%;}.elementor-222 .elementor-element.elementor-element-c1e31cf > .elementor-element-populated{margin:0px 10px 0px 10px;--e-column-margin-right:10px;--e-column-margin-left:10px;}.elementor-222 .elementor-element.elementor-element-8cc8af1 .elementor-heading-title{font-size:var( --e-global-typography-d188700-font-size );line-height:var( --e-global-typography-d188700-line-height );letter-spacing:var( --e-global-typography-d188700-letter-spacing );word-spacing:var( --e-global-typography-d188700-word-spacing );}.elementor-222 .elementor-element.elementor-element-471ef41 .elementor-heading-title{font-size:var( --e-global-typography-edf519d-font-size );line-height:var( --e-global-typography-edf519d-line-height );letter-spacing:var( --e-global-typography-edf519d-letter-spacing );word-spacing:var( --e-global-typography-edf519d-word-spacing );}}@media(max-width:767px){.elementor-222 .elementor-element.elementor-element-c3145e4{margin-top:-80px;margin-bottom:0px;padding:50% 0% 10% 0%;}.elementor-222 .elementor-element.elementor-element-c1e31cf > .elementor-element-populated{margin:0px 5px 0px 5px;--e-column-margin-right:5px;--e-column-margin-left:5px;}.elementor-222 .elementor-element.elementor-element-8cc8af1 .elementor-heading-title{font-size:var( --e-global-typography-d188700-font-size );line-height:var( --e-global-typography-d188700-line-height );letter-spacing:var( --e-global-typography-d188700-letter-spacing );word-spacing:var( --e-global-typography-d188700-word-spacing );}.elementor-222 .elementor-element.elementor-element-471ef41{text-align:start;}.elementor-222 .elementor-element.elementor-element-471ef41 .elementor-heading-title{font-size:var( --e-global-typography-edf519d-font-size );line-height:var( --e-global-typography-edf519d-line-height );letter-spacing:var( --e-global-typography-edf519d-letter-spacing );word-spacing:var( --e-global-typography-edf519d-word-spacing );}}<\/style>\t\t<div data-elementor-type=\"wp-page\" data-elementor-id=\"222\" class=\"elementor elementor-222\" data-elementor-post-type=\"page\">\n\t\t\t\t\t\t<section class=\"elementor-section elementor-top-section elementor-element elementor-element-c3145e4 elementor-section-content-middle elementor-section-boxed elementor-section-height-default elementor-section-height-default\" data-id=\"c3145e4\" data-element_type=\"section\" data-e-type=\"section\" data-settings=\"{&quot;background_background&quot;:&quot;classic&quot;}\">\n\t\t\t\t\t\t\t<div class=\"elementor-background-overlay\"><\/div>\n\t\t\t\t\t\t\t<div class=\"elementor-container elementor-column-gap-default\">\n\t\t\t\t\t<div class=\"elementor-column elementor-col-100 elementor-top-column elementor-element elementor-element-c1e31cf\" data-id=\"c1e31cf\" data-element_type=\"column\" data-e-type=\"column\" data-settings=\"{&quot;background_background&quot;:&quot;classic&quot;}\">\n\t\t\t<div class=\"elementor-widget-wrap elementor-element-populated\">\n\t\t\t\t\t\t<div class=\"elementor-element elementor-element-471ef41 elementor-widget elementor-widget-heading\" data-id=\"471ef41\" data-element_type=\"widget\" data-e-type=\"widget\" data-widget_type=\"heading.default\">\n\t\t\t\t<div class=\"elementor-widget-container\">\n\t\t\t\t\t<h2 class=\"elementor-heading-title elementor-size-default\">admisi\u00f3n<\/h2>\t\t\t\t<\/div>\n\t\t\t\t<\/div>\n\t\t\t\t\t<\/div>\n\t\t<\/div>\n\t\t\t\t\t<\/div>\n\t\t<\/section>\n\t\t<div class=\"elementor-element elementor-element-f4e0076 e-flex e-con-boxed e-con e-parent\" data-id=\"f4e0076\" data-element_type=\"container\" data-e-type=\"container\">\n\t\t\t\t\t<div class=\"e-con-inner\">\n\t\t\t\t<div class=\"elementor-element elementor-element-23466a0 elementor-widget elementor-widget-heading\" data-id=\"23466a0\" data-element_type=\"widget\" data-e-type=\"widget\" data-widget_type=\"heading.default\">\n\t\t\t\t<div class=\"elementor-widget-container\">\n\t\t\t\t\t<h2 class=\"elementor-heading-title elementor-size-default\">Admisi\u00f3n de alumnado - Infantil - Primaria - ESO<\/h2>\t\t\t\t<\/div>\n\t\t\t\t<\/div>\n\t\t\t\t<div class=\"elementor-element elementor-element-54c2177 elementor-widget elementor-widget-heading\" data-id=\"54c2177\" data-element_type=\"widget\" data-e-type=\"widget\" data-widget_type=\"heading.default\">\n\t\t\t\t<div class=\"elementor-widget-container\">\n\t\t\t\t\t<h2 class=\"elementor-heading-title elementor-size-default\">CURSO 2026-2027<\/h2>\t\t\t\t<\/div>\n\t\t\t\t<\/div>\n\t\t\t\t<div class=\"elementor-element elementor-element-97d1f4e elementor-widget elementor-widget-text-editor\" data-id=\"97d1f4e\" data-element_type=\"widget\" data-e-type=\"widget\" data-widget_type=\"text-editor.default\">\n\t\t\t\t<div class=\"elementor-widget-container\">\n\t\t\t\t\t\t\t\t\t<p><strong>Para recibir informaci\u00f3n acerca del centro antes de la presentaci\u00f3n de la solicitud de admisi\u00f3n, se deber\u00e1 solicitar una entrevista con el director llamando al 981531103, de lunes a viernes, de 09:00 h a 19:00 h.<\/strong><\/p>\t\t\t\t\t\t\t\t<\/div>\n\t\t\t\t<\/div>\n\t\t\t\t<div class=\"elementor-element elementor-element-76623b0 elementor-widget elementor-widget-accordion\" data-id=\"76623b0\" data-element_type=\"widget\" data-e-type=\"widget\" data-widget_type=\"accordion.default\">\n\t\t\t\t<div class=\"elementor-widget-container\">\n\t\t\t\t\t\t\t<div class=\"elementor-accordion\">\n\t\t\t\t\t\t\t<div class=\"elementor-accordion-item\">\n\t\t\t\t\t<div id=\"elementor-tab-title-1241\" class=\"elementor-tab-title\" data-tab=\"1\" role=\"button\" aria-controls=\"elementor-tab-content-1241\" aria-expanded=\"false\">\n\t\t\t\t\t\t\t\t\t\t\t\t\t<span class=\"elementor-accordion-icon elementor-accordion-icon-left\" aria-hidden=\"true\">\n\t\t\t\t\t\t\t\t\t\t\t\t\t\t\t<span class=\"elementor-accordion-icon-closed\"><svg class=\"e-font-icon-svg e-fas-plus\" viewBox=\"0 0 448 512\" xmlns=\"http:\/\/www.w3.org\/2000\/svg\"><path d=\"M416 208H272V64c0-17.67-14.33-32-32-32h-32c-17.67 0-32 14.33-32 32v144H32c-17.67 0-32 14.33-32 32v32c0 17.67 14.33 32 32 32h144v144c0 17.67 14.33 32 32 32h32c17.67 0 32-14.33 32-32V304h144c17.67 0 32-14.33 32-32v-32c0-17.67-14.33-32-32-32z\"><\/path><\/svg><\/span>\n\t\t\t\t\t\t\t\t<span class=\"elementor-accordion-icon-opened\"><svg class=\"e-font-icon-svg e-fas-minus\" viewBox=\"0 0 448 512\" xmlns=\"http:\/\/www.w3.org\/2000\/svg\"><path d=\"M416 208H32c-17.67 0-32 14.33-32 32v32c0 17.67 14.33 32 32 32h384c17.67 0 32-14.33 32-32v-32c0-17.67-14.33-32-32-32z\"><\/path><\/svg><\/span>\n\t\t\t\t\t\t\t\t\t\t\t\t\t\t<\/span>\n\t\t\t\t\t\t\t\t\t\t\t\t<a class=\"elementor-accordion-title\" tabindex=\"0\">NORMATIVA<\/a>\n\t\t\t\t\t<\/div>\n\t\t\t\t\t<div id=\"elementor-tab-content-1241\" class=\"elementor-tab-content elementor-clearfix\" data-tab=\"1\" role=\"region\" aria-labelledby=\"elementor-tab-title-1241\"><p><a class=\"linkContenido\" href=\"https:\/\/drive.google.com\/file\/d\/1loV2SlZNF2iEbdI4_e2WBqc13j4z4cAO\/view\" target=\"_blank\" rel=\"noopener\">DECRETO 13\/2022, do 3 de febreiro, polo que se regula a admisi\u00f3n de alumnado<\/a><\/p><p><a class=\"linkContenido\" href=\"https:\/\/drive.google.com\/file\/d\/1kwPQhf-3FibvFkfrAtJJ6lZa3ObishDR\/view?usp=sharing\" target=\"_blank\" rel=\"noopener\">ORDE do 21 outubro de 2022 pola que se desenvolve o Decreto 13-2022, do 3 de febreiro<\/a><\/p><p><a class=\"linkContenido\" href=\"https:\/\/drive.google.com\/file\/d\/1JwFwwomD__Uv3_UkZZMjUVdiwsz_MVz7\/view?usp=sharing\" target=\"_blank\" rel=\"noopener\">Correcci\u00f3n de erros. Orde do 21 de outubro de 2022 pola que se desenvolve o Decreto 13-2022, do 3 de febreriro\u00a0<\/a><\/p><\/div>\n\t\t\t\t<\/div>\n\t\t\t\t\t\t\t<div class=\"elementor-accordion-item\">\n\t\t\t\t\t<div id=\"elementor-tab-title-1242\" class=\"elementor-tab-title\" data-tab=\"2\" role=\"button\" aria-controls=\"elementor-tab-content-1242\" aria-expanded=\"false\">\n\t\t\t\t\t\t\t\t\t\t\t\t\t<span class=\"elementor-accordion-icon elementor-accordion-icon-left\" aria-hidden=\"true\">\n\t\t\t\t\t\t\t\t\t\t\t\t\t\t\t<span class=\"elementor-accordion-icon-closed\"><svg class=\"e-font-icon-svg e-fas-plus\" viewBox=\"0 0 448 512\" xmlns=\"http:\/\/www.w3.org\/2000\/svg\"><path d=\"M416 208H272V64c0-17.67-14.33-32-32-32h-32c-17.67 0-32 14.33-32 32v144H32c-17.67 0-32 14.33-32 32v32c0 17.67 14.33 32 32 32h144v144c0 17.67 14.33 32 32 32h32c17.67 0 32-14.33 32-32V304h144c17.67 0 32-14.33 32-32v-32c0-17.67-14.33-32-32-32z\"><\/path><\/svg><\/span>\n\t\t\t\t\t\t\t\t<span class=\"elementor-accordion-icon-opened\"><svg class=\"e-font-icon-svg e-fas-minus\" viewBox=\"0 0 448 512\" xmlns=\"http:\/\/www.w3.org\/2000\/svg\"><path d=\"M416 208H32c-17.67 0-32 14.33-32 32v32c0 17.67 14.33 32 32 32h384c17.67 0 32-14.33 32-32v-32c0-17.67-14.33-32-32-32z\"><\/path><\/svg><\/span>\n\t\t\t\t\t\t\t\t\t\t\t\t\t\t<\/span>\n\t\t\t\t\t\t\t\t\t\t\t\t<a class=\"elementor-accordion-title\" tabindex=\"0\">INFORMACI\u00d3N WEB XUNTA<\/a>\n\t\t\t\t\t<\/div>\n\t\t\t\t\t<div id=\"elementor-tab-content-1242\" class=\"elementor-tab-content elementor-clearfix\" data-tab=\"2\" role=\"region\" aria-labelledby=\"elementor-tab-title-1242\"><p><a href=\"https:\/\/www.edu.xunta.gal\/admisionalumnado\/PaxinaInicio.action\" target=\"_blank\" rel=\"noopener\" data-saferedirecturl=\"https:\/\/www.google.com\/url?q=https:\/\/www.edu.xunta.gal\/admisionalumnado\/PaxinaInicio.action&amp;source=gmail&amp;ust=1738192467778000&amp;usg=AOvVaw3QDW662wsC3d9uV8Ez1Ayr\">https:\/\/www.edu.xunta.gal\/<wbr \/>admisionalumnado\/PaxinaInicio.<wbr \/>action<\/a><br \/><strong>Prazo solicitudes de admisi\u00f3n<\/strong><br \/>Cal \u00e9 o prazo para a presentaci\u00f3n de solicitudes de admisi\u00f3n?<br \/>O prazo \u00e9 do 1 ao 20 de marzo.<\/p><\/div>\n\t\t\t\t<\/div>\n\t\t\t\t\t\t\t<div class=\"elementor-accordion-item\">\n\t\t\t\t\t<div id=\"elementor-tab-title-1243\" class=\"elementor-tab-title\" data-tab=\"3\" role=\"button\" aria-controls=\"elementor-tab-content-1243\" aria-expanded=\"false\">\n\t\t\t\t\t\t\t\t\t\t\t\t\t<span class=\"elementor-accordion-icon elementor-accordion-icon-left\" aria-hidden=\"true\">\n\t\t\t\t\t\t\t\t\t\t\t\t\t\t\t<span class=\"elementor-accordion-icon-closed\"><svg class=\"e-font-icon-svg e-fas-plus\" viewBox=\"0 0 448 512\" xmlns=\"http:\/\/www.w3.org\/2000\/svg\"><path d=\"M416 208H272V64c0-17.67-14.33-32-32-32h-32c-17.67 0-32 14.33-32 32v144H32c-17.67 0-32 14.33-32 32v32c0 17.67 14.33 32 32 32h144v144c0 17.67 14.33 32 32 32h32c17.67 0 32-14.33 32-32V304h144c17.67 0 32-14.33 32-32v-32c0-17.67-14.33-32-32-32z\"><\/path><\/svg><\/span>\n\t\t\t\t\t\t\t\t<span class=\"elementor-accordion-icon-opened\"><svg class=\"e-font-icon-svg e-fas-minus\" viewBox=\"0 0 448 512\" xmlns=\"http:\/\/www.w3.org\/2000\/svg\"><path d=\"M416 208H32c-17.67 0-32 14.33-32 32v32c0 17.67 14.33 32 32 32h384c17.67 0 32-14.33 32-32v-32c0-17.67-14.33-32-32-32z\"><\/path><\/svg><\/span>\n\t\t\t\t\t\t\t\t\t\t\t\t\t\t<\/span>\n\t\t\t\t\t\t\t\t\t\t\t\t<a class=\"elementor-accordion-title\" tabindex=\"0\">INFORMACI\u00d3N<\/a>\n\t\t\t\t\t<\/div>\n\t\t\t\t\t<div id=\"elementor-tab-content-1243\" class=\"elementor-tab-content elementor-clearfix\" data-tab=\"3\" role=\"region\" aria-labelledby=\"elementor-tab-title-1243\"><p><a href=\"https:\/\/www.colegioalca.com\/wp-content\/uploads\/2026\/03\/01-Calendario-do-procedemento-de-admision-2026-2027.pdf\" target=\"_blank\" rel=\"noopener\">01-Calendario do procedemento de admisi\u00f3n &#8211; 2026-2027<\/a><br \/><a href=\"https:\/\/www.colegioalca.com\/wp-content\/uploads\/2026\/03\/02-Observacions-importantes-do-procedemento-de-admision-de-alumnado-2026-2027.pdf\" target=\"_blank\" rel=\"noopener\">02-Observaci\u00f3ns importantes do procedemento de admisi\u00f3n de alumnado &#8211; 2026-2027<\/a><br \/><a href=\"https:\/\/www.colegioalca.com\/wp-content\/uploads\/2026\/03\/03-Criterios-de-admision-Puntuacion-e-documentacion-xustificativa-2026-2027.pdf\" target=\"_blank\" rel=\"noopener\">03-Criterios de admisi\u00f3n &#8211; Puntuaci\u00f3n e documentaci\u00f3n xustificativa &#8211; 2026-2027<\/a><br \/><a href=\"https:\/\/www.colegioalca.com\/wp-content\/uploads\/2026\/03\/04-Oferta-de-postos-escolares-para-o-curso-2026-2027.pdf\" target=\"_blank\" rel=\"noopener\">04-Oferta de postos escolares para o curso 2026-2027<\/a><\/p><p><span class=\"im\"><a href=\"https:\/\/www.colegioalca.com\/wp-content\/uploads\/2026\/03\/Anuncio-do-sorteo-publico-do-numero-para-resolver-os-empates-no-procedemento-de-admision-2026-2027.pdf\" target=\"_blank\" rel=\"noopener\">Anuncio do sorteo p\u00fablico do n\u00famero para resolver os empates no procedemento de admisi\u00f3n 2026-2027<\/a><br \/><\/span><a href=\"https:\/\/www.colegioalca.com\/wp-content\/uploads\/2026\/03\/Resolucion_do_25_de_febreiro_de_2026._resultado_do_sorteo.pdf\" target=\"_blank\" rel=\"noopener\">Resoluci\u00f3n do 25 de febreiro de 2026. Resultado do sorteo<\/a><span class=\"im\"><br \/><\/span><\/p><\/div>\n\t\t\t\t<\/div>\n\t\t\t\t\t\t\t<div class=\"elementor-accordion-item\">\n\t\t\t\t\t<div id=\"elementor-tab-title-1244\" class=\"elementor-tab-title\" data-tab=\"4\" role=\"button\" aria-controls=\"elementor-tab-content-1244\" aria-expanded=\"false\">\n\t\t\t\t\t\t\t\t\t\t\t\t\t<span class=\"elementor-accordion-icon elementor-accordion-icon-left\" aria-hidden=\"true\">\n\t\t\t\t\t\t\t\t\t\t\t\t\t\t\t<span class=\"elementor-accordion-icon-closed\"><svg class=\"e-font-icon-svg e-fas-plus\" viewBox=\"0 0 448 512\" xmlns=\"http:\/\/www.w3.org\/2000\/svg\"><path d=\"M416 208H272V64c0-17.67-14.33-32-32-32h-32c-17.67 0-32 14.33-32 32v144H32c-17.67 0-32 14.33-32 32v32c0 17.67 14.33 32 32 32h144v144c0 17.67 14.33 32 32 32h32c17.67 0 32-14.33 32-32V304h144c17.67 0 32-14.33 32-32v-32c0-17.67-14.33-32-32-32z\"><\/path><\/svg><\/span>\n\t\t\t\t\t\t\t\t<span class=\"elementor-accordion-icon-opened\"><svg class=\"e-font-icon-svg e-fas-minus\" viewBox=\"0 0 448 512\" xmlns=\"http:\/\/www.w3.org\/2000\/svg\"><path d=\"M416 208H32c-17.67 0-32 14.33-32 32v32c0 17.67 14.33 32 32 32h384c17.67 0 32-14.33 32-32v-32c0-17.67-14.33-32-32-32z\"><\/path><\/svg><\/span>\n\t\t\t\t\t\t\t\t\t\t\t\t\t\t<\/span>\n\t\t\t\t\t\t\t\t\t\t\t\t<a class=\"elementor-accordion-title\" tabindex=\"0\">ADMISI\u00d3N<\/a>\n\t\t\t\t\t<\/div>\n\t\t\t\t\t<div id=\"elementor-tab-content-1244\" class=\"elementor-tab-content elementor-clearfix\" data-tab=\"4\" role=\"region\" aria-labelledby=\"elementor-tab-title-1244\"><div><a class=\"linkContenido\" href=\"https:\/\/drive.google.com\/file\/d\/1ZPG1YMb6eJT9jJlkodv-X2U7uWSd_QvL\/view?usp=drive_link\" target=\"_blank\" rel=\"noopener\">FORMULARIO DE ADMISI\u00d3N-ED550B-G<\/a><\/div><div><a class=\"linkContenido\" href=\"https:\/\/drive.google.com\/file\/d\/1DofTddJh9QZyPoyshbgmUlHw9PgJ57ic\/view?usp=drive_link\" target=\"_blank\" rel=\"noopener\">FORMULARIO DE ADMISI\u00d3N-ED550B-C<\/a><\/div><\/div>\n\t\t\t\t<\/div>\n\t\t\t\t\t\t\t\t<\/div>\n\t\t\t\t\t\t<\/div>\n\t\t\t\t<\/div>\n\t\t\t\t<div class=\"elementor-element elementor-element-5483689 elementor-widget elementor-widget-heading\" data-id=\"5483689\" data-element_type=\"widget\" data-e-type=\"widget\" data-widget_type=\"heading.default\">\n\t\t\t\t<div class=\"elementor-widget-container\">\n\t\t\t\t\t<h2 class=\"elementor-heading-title elementor-size-default\">Bachillerato<\/h2>\t\t\t\t<\/div>\n\t\t\t\t<\/div>\n\t\t\t\t<div class=\"elementor-element elementor-element-95d0a4a elementor-widget elementor-widget-text-editor\" data-id=\"95d0a4a\" data-element_type=\"widget\" data-e-type=\"widget\" data-widget_type=\"text-editor.default\">\n\t\t\t\t<div class=\"elementor-widget-container\">\n\t\t\t\t\t\t\t\t\t<p><strong>Para recibir informaci\u00f3n acerca del centro y solicitar la admisi\u00f3n, se deber\u00e1 pedir una entrevista con el director llamando al 981531103, de lunes a viernes, de 09:00 h a 19:00 h.<\/strong><\/p>\t\t\t\t\t\t\t\t<\/div>\n\t\t\t\t<\/div>\n\t\t\t\t<div class=\"elementor-element elementor-element-1f45fae elementor-widget-divider--view-line elementor-widget elementor-widget-divider\" data-id=\"1f45fae\" data-element_type=\"widget\" data-e-type=\"widget\" data-widget_type=\"divider.default\">\n\t\t\t\t<div class=\"elementor-widget-container\">\n\t\t\t\t\t\t\t<div class=\"elementor-divider\">\n\t\t\t<span class=\"elementor-divider-separator\">\n\t\t\t\t\t\t<\/span>\n\t\t<\/div>\n\t\t\t\t\t\t<\/div>\n\t\t\t\t<\/div>\n\t\t\t\t\t<\/div>\n\t\t\t\t<\/div>\n\t\t<div class=\"elementor-element elementor-element-d718698 e-flex e-con-boxed e-con e-parent\" data-id=\"d718698\" data-element_type=\"container\" data-e-type=\"container\">\n\t\t\t\t\t<div class=\"e-con-inner\">\n\t\t\t\t<div class=\"elementor-element elementor-element-087b35a elementor-widget elementor-widget-heading\" data-id=\"087b35a\" data-element_type=\"widget\" data-e-type=\"widget\" data-widget_type=\"heading.default\">\n\t\t\t\t<div class=\"elementor-widget-container\">\n\t\t\t\t\t<h2 class=\"elementor-heading-title elementor-size-default\">Jornada de puertas abiertas\n<\/h2>\t\t\t\t<\/div>\n\t\t\t\t<\/div>\n\t\t\t\t<div class=\"elementor-element elementor-element-616c13c elementor-widget elementor-widget-text-editor\" data-id=\"616c13c\" data-element_type=\"widget\" data-e-type=\"widget\" data-widget_type=\"text-editor.default\">\n\t\t\t\t<div class=\"elementor-widget-container\">\n\t\t\t\t\t\t\t\t\t<div class=\"elementor-element elementor-element-071cb4f elementor-widget elementor-widget-heading\" data-id=\"071cb4f\" data-element_type=\"widget\" data-widget_type=\"heading.default\"><div class=\"elementor-widget-container\">\u00a0<\/div><\/div><div class=\"elementor-element elementor-element-4274c31 elementor-widget elementor-widget-text-editor\" data-id=\"4274c31\" data-element_type=\"widget\" data-widget_type=\"text-editor.default\"><div class=\"elementor-widget-container\"><p><strong>\u00bfTe gustar\u00eda conocer nuestro colegio?<\/strong><br \/>Te invitamos a nuestras Jornadas de Puertas Abiertas, un evento especialmente dise\u00f1ado para padres de Educaci\u00f3n Infantil que buscan el mejor entorno educativo para sus hijos.<\/p><p><strong>\u00bfCu\u00e1ndo?<\/strong><br \/>Las jornadas se llevar\u00e1n a cabo entre finales de enero y la primera quincena de marzo. Durante este periodo, tendr\u00e1s la oportunidad de descubrir nuestras instalaciones, conocer a nuestro equipo docente y obtener toda la informaci\u00f3n que necesitas para tomar una decisi\u00f3n informada.<\/p><p><strong>Atenci\u00f3n personalizada<\/strong><br \/>Entendemos que cada familia tiene necesidades y expectativas \u00fanicas. Por ello, ofrecemos entrevistas personalizadas con el fin de resolver todas tus dudas y brindarte una atenci\u00f3n cercana y directa. Estas entrevistas se realizar\u00e1n <strong>previa cita<\/strong>.<\/p><p>\u00a1Esperamos poder darte la bienvenida a nuestra comunidad educativa!<\/p><\/div><\/div>\t\t\t\t\t\t\t\t<\/div>\n\t\t\t\t<\/div>\n\t\t\t\t\t<\/div>\n\t\t\t\t<\/div>\n\t\t\t\t<\/div>\n\t\t","protected":false},"excerpt":{"rendered":"<p>admisi\u00f3n Admisi\u00f3n de alumnado &#8211; Infantil &#8211; Primaria &#8211; ESO CURSO 2026-2027 Para recibir informaci\u00f3n acerca del centro antes de la presentaci\u00f3n de la solicitud de admisi\u00f3n, se deber\u00e1 solicitar una entrevista con el director llamando al 981531103, de lunes a viernes, de 09:00 h a 19:00 h. NORMATIVA DECRETO 13\/2022, do 3 de febreiro, [&hellip;]<\/p>\n","protected":false},"author":1,"featured_media":0,"parent":0,"menu_order":0,"comment_status":"closed","ping_status":"closed","template":"elementor_header_footer","meta":{"footnotes":""},"class_list":["post-222","page","type-page","status-publish","hentry"],"_links":{"self":[{"href":"https:\/\/www.colegioalca.com\/index.php\/wp-json\/wp\/v2\/pages\/222","targetHints":{"allow":["GET"]}}],"collection":[{"href":"https:\/\/www.colegioalca.com\/index.php\/wp-json\/wp\/v2\/pages"}],"about":[{"href":"https:\/\/www.colegioalca.com\/index.php\/wp-json\/wp\/v2\/types\/page"}],"author":[{"embeddable":true,"href":"https:\/\/www.colegioalca.com\/index.php\/wp-json\/wp\/v2\/users\/1"}],"replies":[{"embeddable":true,"href":"https:\/\/www.colegioalca.com\/index.php\/wp-json\/wp\/v2\/comments?post=222"}],"version-history":[{"count":51,"href":"https:\/\/www.colegioalca.com\/index.php\/wp-json\/wp\/v2\/pages\/222\/revisions"}],"predecessor-version":[{"id":1391,"href":"https:\/\/www.colegioalca.com\/index.php\/wp-json\/wp\/v2\/pages\/222\/revisions\/1391"}],"wp:attachment":[{"href":"https:\/\/www.colegioalca.com\/index.php\/wp-json\/wp\/v2\/media?parent=222"}],"curies":[{"name":"wp","href":"https:\/\/api.w.org\/{rel}","templated":true}]}}