{"id":240,"date":"2024-08-29T13:33:52","date_gmt":"2024-08-29T13:33:52","guid":{"rendered":"https:\/\/www.colegioalca.com\/index.php\/faculty\/"},"modified":"2024-09-17T09:33:25","modified_gmt":"2024-09-17T09:33:25","slug":"faculty","status":"publish","type":"page","link":"https:\/\/www.colegioalca.com\/index.php\/faculty\/","title":{"rendered":"Proxecto Enerx\u00eda Fotovoltaica"},"content":{"rendered":"<style>.elementor-240 .elementor-element.elementor-element-90c944f{--display:flex;}.elementor-240 .elementor-element.elementor-element-a8c1348{text-align:center;}.elementor-240 .elementor-element.elementor-element-8109899{--display:flex;}.elementor-240 .elementor-element.elementor-element-d6fb560.elementor-position-right .elementor-image-box-img{margin-left:15px;}.elementor-240 .elementor-element.elementor-element-d6fb560.elementor-position-left .elementor-image-box-img{margin-right:15px;}.elementor-240 .elementor-element.elementor-element-d6fb560.elementor-position-top .elementor-image-box-img{margin-bottom:15px;}.elementor-240 .elementor-element.elementor-element-d6fb560 .elementor-image-box-wrapper .elementor-image-box-img{width:87%;}.elementor-240 .elementor-element.elementor-element-d6fb560 .elementor-image-box-img img{transition-duration:0.3s;}@media(max-width:767px){.elementor-240 .elementor-element.elementor-element-d6fb560 .elementor-image-box-img{margin-bottom:15px;}}<\/style>\t\t<div data-elementor-type=\"wp-page\" data-elementor-id=\"240\" class=\"elementor elementor-240\" data-elementor-post-type=\"page\">\n\t\t\t\t<div class=\"elementor-element elementor-element-90c944f e-flex e-con-boxed e-con e-parent\" data-id=\"90c944f\" data-element_type=\"container\" data-e-type=\"container\">\n\t\t\t\t\t<div class=\"e-con-inner\">\n\t\t\t\t<div class=\"elementor-element elementor-element-a8c1348 elementor-widget elementor-widget-heading\" data-id=\"a8c1348\" data-element_type=\"widget\" data-e-type=\"widget\" data-widget_type=\"heading.default\">\n\t\t\t\t<div class=\"elementor-widget-container\">\n\t\t\t\t\t<h2 class=\"elementor-heading-title elementor-size-default\">Proyecto Energ\u00eda Fotovoltaica<\/h2>\t\t\t\t<\/div>\n\t\t\t\t<\/div>\n\t\t\t\t\t<\/div>\n\t\t\t\t<\/div>\n\t\t<div class=\"elementor-element elementor-element-8109899 e-flex e-con-boxed e-con e-parent\" data-id=\"8109899\" data-element_type=\"container\" data-e-type=\"container\">\n\t\t\t\t\t<div class=\"e-con-inner\">\n\t\t\t\t<div class=\"elementor-element elementor-element-d6fb560 elementor-position-top elementor-widget elementor-widget-image-box\" data-id=\"d6fb560\" data-element_type=\"widget\" data-e-type=\"widget\" data-widget_type=\"image-box.default\">\n\t\t\t\t<div class=\"elementor-widget-container\">\n\t\t\t\t\t<div class=\"elementor-image-box-wrapper\"><figure class=\"elementor-image-box-img\"><img fetchpriority=\"high\" decoding=\"async\" width=\"1024\" height=\"485\" src=\"https:\/\/www.colegioalca.com\/wp-content\/uploads\/2024\/09\/energia.jpg\" class=\"attachment-full size-full wp-image-919\" alt=\"\" srcset=\"https:\/\/www.colegioalca.com\/wp-content\/uploads\/2024\/09\/energia.jpg 1024w, https:\/\/www.colegioalca.com\/wp-content\/uploads\/2024\/09\/energia-300x142.jpg 300w, https:\/\/www.colegioalca.com\/wp-content\/uploads\/2024\/09\/energia-768x364.jpg 768w\" sizes=\"(max-width: 1024px) 100vw, 1024px\" \/><\/figure><div class=\"elementor-image-box-content\"><p class=\"elementor-image-box-description\">Estamos orgullosos de anunciar que desde el a\u00f1o 2021,  el Colegio Alca forma parte del proyecto energ\u00eda fotovoltaica .<\/p><\/div><\/div>\t\t\t\t<\/div>\n\t\t\t\t<\/div>\n\t\t\t\t\t<\/div>\n\t\t\t\t<\/div>\n\t\t\t\t<\/div>\n\t\t","protected":false},"excerpt":{"rendered":"<p>Proyecto Energ\u00eda Fotovoltaica Estamos orgullosos de anunciar que desde el a\u00f1o 2021, el Colegio Alca forma parte del proyecto energ\u00eda fotovoltaica .<\/p>\n","protected":false},"author":1,"featured_media":0,"parent":0,"menu_order":0,"comment_status":"closed","ping_status":"closed","template":"elementor_header_footer","meta":{"footnotes":""},"class_list":["post-240","page","type-page","status-publish","hentry"],"_links":{"self":[{"href":"https:\/\/www.colegioalca.com\/index.php\/wp-json\/wp\/v2\/pages\/240","targetHints":{"allow":["GET"]}}],"collection":[{"href":"https:\/\/www.colegioalca.com\/index.php\/wp-json\/wp\/v2\/pages"}],"about":[{"href":"https:\/\/www.colegioalca.com\/index.php\/wp-json\/wp\/v2\/types\/page"}],"author":[{"embeddable":true,"href":"https:\/\/www.colegioalca.com\/index.php\/wp-json\/wp\/v2\/users\/1"}],"replies":[{"embeddable":true,"href":"https:\/\/www.colegioalca.com\/index.php\/wp-json\/wp\/v2\/comments?post=240"}],"version-history":[{"count":9,"href":"https:\/\/www.colegioalca.com\/index.php\/wp-json\/wp\/v2\/pages\/240\/revisions"}],"predecessor-version":[{"id":925,"href":"https:\/\/www.colegioalca.com\/index.php\/wp-json\/wp\/v2\/pages\/240\/revisions\/925"}],"wp:attachment":[{"href":"https:\/\/www.colegioalca.com\/index.php\/wp-json\/wp\/v2\/media?parent=240"}],"curies":[{"name":"wp","href":"https:\/\/api.w.org\/{rel}","templated":true}]}}