{"id":39,"date":"2024-08-29T13:28:32","date_gmt":"2024-08-29T13:28:32","guid":{"rendered":"https:\/\/www.colegioalca.com\/index.php\/contact\/"},"modified":"2024-09-20T10:26:18","modified_gmt":"2024-09-20T10:26:18","slug":"contact","status":"publish","type":"page","link":"https:\/\/www.colegioalca.com\/index.php\/contact\/","title":{"rendered":"Proyectos Nacionales"},"content":{"rendered":"<style>.elementor-39 .elementor-element.elementor-element-3c212ef > .elementor-container{max-width:1290px;}.elementor-39 .elementor-element.elementor-element-3c212ef > .elementor-container > .elementor-column > .elementor-widget-wrap{align-content:center;align-items:center;}.elementor-39 .elementor-element.elementor-element-3c212ef:not(.elementor-motion-effects-element-type-background), .elementor-39 .elementor-element.elementor-element-3c212ef > .elementor-motion-effects-container > .elementor-motion-effects-layer{background-image:url(\"https:\/\/www.colegioalca.com\/wp-content\/uploads\/2024\/09\/cathedral-235228.jpg\");background-position:center center;background-repeat:no-repeat;background-size:cover;}.elementor-39 .elementor-element.elementor-element-3c212ef > .elementor-background-overlay{background-color:#010035;background-image:url(\"https:\/\/www.colegioalca.com\/wp-content\/uploads\/2024\/08\/Background-arizon.png\");background-position:center center;background-repeat:no-repeat;background-size:contain;opacity:0.5;transition:background 0.3s, border-radius 0.3s, opacity 0.3s;}.elementor-39 .elementor-element.elementor-element-3c212ef{transition:background 0.3s, border 0.3s, border-radius 0.3s, box-shadow 0.3s;margin-top:-150px;margin-bottom:0px;padding:320px 0px 80px 0px;}.elementor-39 .elementor-element.elementor-element-9caf387 > .elementor-element-populated{transition:background 0.3s, border 0.3s, border-radius 0.3s, box-shadow 0.3s;}.elementor-39 .elementor-element.elementor-element-9caf387 > .elementor-element-populated > .elementor-background-overlay{transition:background 0.3s, border-radius 0.3s, opacity 0.3s;}.elementor-39 .elementor-element.elementor-element-1c42f77{text-align:start;}.elementor-39 .elementor-element.elementor-element-1c42f77 .elementor-heading-title{font-family:var( --e-global-typography-edf519d-font-family ), Sans-serif;font-size:var( --e-global-typography-edf519d-font-size );font-weight:var( --e-global-typography-edf519d-font-weight );text-transform:var( --e-global-typography-edf519d-text-transform );line-height:var( --e-global-typography-edf519d-line-height );letter-spacing:var( --e-global-typography-edf519d-letter-spacing );word-spacing:var( --e-global-typography-edf519d-word-spacing );color:#FFFFFF;}.elementor-39 .elementor-element.elementor-element-1c42f77 > .elementor-widget-container{margin:-15px 0px -15px 0px;}.elementor-39 .elementor-element.elementor-element-3ee044b{--display:flex;}.elementor-39 .elementor-element.elementor-element-ddb5268{text-align:center;}.elementor-39 .elementor-element.elementor-element-ddb5268 .elementor-heading-title{color:var( --e-global-color-primary );}.elementor-39 .elementor-element.elementor-element-eef87a0{--display:flex;--flex-direction:row;--container-widget-width:initial;--container-widget-height:100%;--container-widget-flex-grow:1;--container-widget-align-self:stretch;--flex-wrap-mobile:wrap;--gap:0px 0px;--row-gap:0px;--column-gap:0px;}.elementor-39 .elementor-element.elementor-element-d9e5725{--display:flex;}.elementor-39 .elementor-element.elementor-element-3926041 .elementor-wrapper{--video-aspect-ratio:1.77777;}.elementor-39 .elementor-element.elementor-element-e67b160{--display:flex;--gap:0px 0px;--row-gap:0px;--column-gap:0px;--padding-top:0px;--padding-bottom:0px;--padding-left:0px;--padding-right:0px;}.elementor-39 .elementor-element.elementor-element-55c5391{--display:flex;}.elementor-39 .elementor-element.elementor-element-f447e9e{--display:flex;}.elementor-39 .elementor-element.elementor-element-d75949e{--display:flex;--flex-direction:column;--container-widget-width:100%;--container-widget-height:initial;--container-widget-flex-grow:0;--container-widget-align-self:initial;--flex-wrap-mobile:wrap;}.elementor-39 .elementor-element.elementor-element-84e0c7f{--divider-border-style:solid;--divider-color:#000;--divider-border-width:1px;}.elementor-39 .elementor-element.elementor-element-84e0c7f .elementor-divider-separator{width:100%;}.elementor-39 .elementor-element.elementor-element-84e0c7f .elementor-divider{padding-block-start:15px;padding-block-end:15px;}.elementor-39 .elementor-element.elementor-element-d34305d{--display:flex;}.elementor-39 .elementor-element.elementor-element-4e5dabf{text-align:center;}.elementor-39 .elementor-element.elementor-element-4e5dabf .elementor-heading-title{color:var( --e-global-color-primary );}.elementor-39 .elementor-element.elementor-element-8f6ae2e{--display:flex;}.elementor-39 .elementor-element.elementor-element-22dd6b1.elementor-position-right .elementor-image-box-img{margin-left:15px;}.elementor-39 .elementor-element.elementor-element-22dd6b1.elementor-position-left .elementor-image-box-img{margin-right:15px;}.elementor-39 .elementor-element.elementor-element-22dd6b1.elementor-position-top .elementor-image-box-img{margin-bottom:15px;}.elementor-39 .elementor-element.elementor-element-22dd6b1 .elementor-image-box-wrapper .elementor-image-box-img{width:87%;}.elementor-39 .elementor-element.elementor-element-22dd6b1 .elementor-image-box-img img{transition-duration:0.3s;}@media(max-width:1024px){.elementor-39 .elementor-element.elementor-element-3c212ef{margin-top:-140px;margin-bottom:0px;padding:35% 0% 5% 0%;}.elementor-39 .elementor-element.elementor-element-9caf387 > .elementor-element-populated{margin:0px 10px 0px 10px;--e-column-margin-right:10px;--e-column-margin-left:10px;}.elementor-39 .elementor-element.elementor-element-1c42f77 .elementor-heading-title{font-size:var( --e-global-typography-edf519d-font-size );line-height:var( --e-global-typography-edf519d-line-height );letter-spacing:var( --e-global-typography-edf519d-letter-spacing );word-spacing:var( --e-global-typography-edf519d-word-spacing );}}@media(max-width:767px){.elementor-39 .elementor-element.elementor-element-3c212ef{margin-top:-80px;margin-bottom:0px;padding:50% 0% 10% 0%;}.elementor-39 .elementor-element.elementor-element-9caf387 > .elementor-element-populated{margin:0px 5px 0px 5px;--e-column-margin-right:5px;--e-column-margin-left:5px;}.elementor-39 .elementor-element.elementor-element-1c42f77{text-align:start;}.elementor-39 .elementor-element.elementor-element-1c42f77 .elementor-heading-title{font-size:var( --e-global-typography-edf519d-font-size );line-height:var( --e-global-typography-edf519d-line-height );letter-spacing:var( --e-global-typography-edf519d-letter-spacing );word-spacing:var( --e-global-typography-edf519d-word-spacing );}.elementor-39 .elementor-element.elementor-element-22dd6b1 .elementor-image-box-img{margin-bottom:15px;}}@media(min-width:768px){.elementor-39 .elementor-element.elementor-element-9caf387{width:50%;}.elementor-39 .elementor-element.elementor-element-99c6d83{width:49.961%;}.elementor-39 .elementor-element.elementor-element-d9e5725{--width:50%;}.elementor-39 .elementor-element.elementor-element-e67b160{--width:50%;}}@media(max-width:1024px) and (min-width:768px){.elementor-39 .elementor-element.elementor-element-9caf387{width:100%;}}<\/style>\t\t<div data-elementor-type=\"wp-page\" data-elementor-id=\"39\" class=\"elementor elementor-39\" data-elementor-post-type=\"page\">\n\t\t\t\t\t\t<section class=\"elementor-section elementor-top-section elementor-element elementor-element-3c212ef elementor-section-content-middle elementor-section-boxed elementor-section-height-default elementor-section-height-default\" data-id=\"3c212ef\" data-element_type=\"section\" data-e-type=\"section\" data-settings=\"{&quot;background_background&quot;:&quot;classic&quot;}\">\n\t\t\t\t\t\t\t<div class=\"elementor-background-overlay\"><\/div>\n\t\t\t\t\t\t\t<div class=\"elementor-container elementor-column-gap-default\">\n\t\t\t\t\t<div class=\"elementor-column elementor-col-50 elementor-top-column elementor-element elementor-element-9caf387\" data-id=\"9caf387\" data-element_type=\"column\" data-e-type=\"column\" data-settings=\"{&quot;background_background&quot;:&quot;classic&quot;}\">\n\t\t\t<div class=\"elementor-widget-wrap elementor-element-populated\">\n\t\t\t\t\t\t<div class=\"elementor-element elementor-element-1c42f77 elementor-widget elementor-widget-heading\" data-id=\"1c42f77\" data-element_type=\"widget\" data-e-type=\"widget\" data-widget_type=\"heading.default\">\n\t\t\t\t<div class=\"elementor-widget-container\">\n\t\t\t\t\t<h2 class=\"elementor-heading-title elementor-size-default\">pROYECTOS NACIONALES<\/h2>\t\t\t\t<\/div>\n\t\t\t\t<\/div>\n\t\t\t\t\t<\/div>\n\t\t<\/div>\n\t\t\t\t<div class=\"elementor-column elementor-col-50 elementor-top-column elementor-element elementor-element-99c6d83 elementor-hidden-tablet elementor-hidden-phone\" data-id=\"99c6d83\" data-element_type=\"column\" data-e-type=\"column\">\n\t\t\t<div class=\"elementor-widget-wrap\">\n\t\t\t\t\t\t\t<\/div>\n\t\t<\/div>\n\t\t\t\t\t<\/div>\n\t\t<\/section>\n\t\t<div class=\"elementor-element elementor-element-3ee044b e-flex e-con-boxed e-con e-parent\" data-id=\"3ee044b\" data-element_type=\"container\" data-e-type=\"container\">\n\t\t\t\t\t<div class=\"e-con-inner\">\n\t\t\t\t<div class=\"elementor-element elementor-element-ddb5268 elementor-widget elementor-widget-heading\" data-id=\"ddb5268\" data-element_type=\"widget\" data-e-type=\"widget\" data-widget_type=\"heading.default\">\n\t\t\t\t<div class=\"elementor-widget-container\">\n\t\t\t\t\t<h2 class=\"elementor-heading-title elementor-size-default\">Proyectos nacionales<\/h2>\t\t\t\t<\/div>\n\t\t\t\t<\/div>\n\t\t\t\t\t<\/div>\n\t\t\t\t<\/div>\n\t\t<div class=\"elementor-element elementor-element-eef87a0 e-flex e-con-boxed e-con e-parent\" data-id=\"eef87a0\" data-element_type=\"container\" data-e-type=\"container\">\n\t\t\t\t\t<div class=\"e-con-inner\">\n\t\t<div class=\"elementor-element elementor-element-d9e5725 e-con-full e-flex e-con e-child\" data-id=\"d9e5725\" data-element_type=\"container\" data-e-type=\"container\">\n\t\t\t\t<div class=\"elementor-element elementor-element-3926041 elementor-widget elementor-widget-video\" data-id=\"3926041\" data-element_type=\"widget\" data-e-type=\"widget\" data-settings=\"{&quot;youtube_url&quot;:&quot;https:\\\/\\\/www.youtube.com\\\/watch?v=e__YoXsV-Ok&quot;,&quot;video_type&quot;:&quot;youtube&quot;,&quot;controls&quot;:&quot;yes&quot;}\" data-widget_type=\"video.default\">\n\t\t\t\t<div class=\"elementor-widget-container\">\n\t\t\t\t\t\t\t<div class=\"elementor-wrapper elementor-open-inline\">\n\t\t\t<div class=\"elementor-video\"><\/div>\t\t<\/div>\n\t\t\t\t\t\t<\/div>\n\t\t\t\t<\/div>\n\t\t\t\t<\/div>\n\t\t<div class=\"elementor-element elementor-element-e67b160 e-con-full e-flex e-con e-child\" data-id=\"e67b160\" data-element_type=\"container\" data-e-type=\"container\">\n\t\t<div class=\"elementor-element elementor-element-55c5391 e-con-full e-flex e-con e-child\" data-id=\"55c5391\" data-element_type=\"container\" data-e-type=\"container\">\n\t\t\t\t<div class=\"elementor-element elementor-element-567931c elementor-widget elementor-widget-heading\" data-id=\"567931c\" data-element_type=\"widget\" data-e-type=\"widget\" data-widget_type=\"heading.default\">\n\t\t\t\t<div class=\"elementor-widget-container\">\n\t\t\t\t\t<h2 class=\"elementor-heading-title elementor-size-default\">Plan proxecta , meteoescolas<\/h2>\t\t\t\t<\/div>\n\t\t\t\t<\/div>\n\t\t\t\t<\/div>\n\t\t<div class=\"elementor-element elementor-element-f447e9e e-con-full e-flex e-con e-child\" data-id=\"f447e9e\" data-element_type=\"container\" data-e-type=\"container\">\n\t\t\t\t<div class=\"elementor-element elementor-element-8bfa925 elementor-widget elementor-widget-text-editor\" data-id=\"8bfa925\" data-element_type=\"widget\" data-e-type=\"widget\" data-widget_type=\"text-editor.default\">\n\t\t\t\t<div class=\"elementor-widget-container\">\n\t\t\t\t\t\t\t\t\t<p>Nos complace compartir en nuestra web una emocionante noticia sobre el proyecto MeteoEscolas, en el que nuestros alumnos de 3\u00ba y 4\u00ba de primaria han tenido la oportunidad de demostrar sus conocimientos en meteorolog\u00eda.<\/p><p>Recientemente, recibimos la visita de un equipo de la Televisi\u00f3n de Galicia (TVG), quienes quedaron gratamente sorprendidos por la profundidad y el entusiasmo con los que nuestros estudiantes abordaron temas relacionados con el clima y los fen\u00f3menos meteorol\u00f3gicos. Durante la visita, los alumnos compartieron lo que han aprendido a lo largo del proyecto, demostrando una s\u00f3lida comprensi\u00f3n de conceptos meteorol\u00f3gicos que va mucho m\u00e1s all\u00e1 de su edad.<\/p>\t\t\t\t\t\t\t\t<\/div>\n\t\t\t\t<\/div>\n\t\t\t\t<\/div>\n\t\t\t\t<\/div>\n\t\t\t\t\t<\/div>\n\t\t\t\t<\/div>\n\t\t<div class=\"elementor-element elementor-element-d75949e e-flex e-con-boxed e-con e-parent\" data-id=\"d75949e\" data-element_type=\"container\" data-e-type=\"container\">\n\t\t\t\t\t<div class=\"e-con-inner\">\n\t\t\t\t<div class=\"elementor-element elementor-element-84e0c7f elementor-widget-divider--view-line elementor-widget elementor-widget-divider\" data-id=\"84e0c7f\" data-element_type=\"widget\" data-e-type=\"widget\" data-widget_type=\"divider.default\">\n\t\t\t\t<div class=\"elementor-widget-container\">\n\t\t\t\t\t\t\t<div class=\"elementor-divider\">\n\t\t\t<span class=\"elementor-divider-separator\">\n\t\t\t\t\t\t<\/span>\n\t\t<\/div>\n\t\t\t\t\t\t<\/div>\n\t\t\t\t<\/div>\n\t\t\t\t\t<\/div>\n\t\t\t\t<\/div>\n\t\t<div class=\"elementor-element elementor-element-d34305d e-flex e-con-boxed e-con e-parent\" data-id=\"d34305d\" data-element_type=\"container\" data-e-type=\"container\">\n\t\t\t\t\t<div class=\"e-con-inner\">\n\t\t\t\t<div class=\"elementor-element elementor-element-4e5dabf elementor-widget elementor-widget-heading\" data-id=\"4e5dabf\" data-element_type=\"widget\" data-e-type=\"widget\" data-widget_type=\"heading.default\">\n\t\t\t\t<div class=\"elementor-widget-container\">\n\t\t\t\t\t<h2 class=\"elementor-heading-title elementor-size-default\">Proyecto Energ\u00eda Fotovoltaica<\/h2>\t\t\t\t<\/div>\n\t\t\t\t<\/div>\n\t\t\t\t\t<\/div>\n\t\t\t\t<\/div>\n\t\t<div class=\"elementor-element elementor-element-8f6ae2e e-flex e-con-boxed e-con e-parent\" data-id=\"8f6ae2e\" data-element_type=\"container\" data-e-type=\"container\">\n\t\t\t\t\t<div class=\"e-con-inner\">\n\t\t\t\t<div class=\"elementor-element elementor-element-22dd6b1 elementor-position-top elementor-widget elementor-widget-image-box\" data-id=\"22dd6b1\" data-element_type=\"widget\" data-e-type=\"widget\" data-widget_type=\"image-box.default\">\n\t\t\t\t<div class=\"elementor-widget-container\">\n\t\t\t\t\t<div class=\"elementor-image-box-wrapper\"><figure class=\"elementor-image-box-img\"><img fetchpriority=\"high\" decoding=\"async\" width=\"2016\" height=\"1512\" src=\"https:\/\/www.colegioalca.com\/wp-content\/uploads\/2024\/09\/WhatsApp-Image-2024-09-17-at-23.03.47.jpeg\" class=\"attachment-full size-full wp-image-1087\" alt=\"\" srcset=\"https:\/\/www.colegioalca.com\/wp-content\/uploads\/2024\/09\/WhatsApp-Image-2024-09-17-at-23.03.47.jpeg 2016w, https:\/\/www.colegioalca.com\/wp-content\/uploads\/2024\/09\/WhatsApp-Image-2024-09-17-at-23.03.47-300x225.jpeg 300w, https:\/\/www.colegioalca.com\/wp-content\/uploads\/2024\/09\/WhatsApp-Image-2024-09-17-at-23.03.47-1024x768.jpeg 1024w, https:\/\/www.colegioalca.com\/wp-content\/uploads\/2024\/09\/WhatsApp-Image-2024-09-17-at-23.03.47-768x576.jpeg 768w, https:\/\/www.colegioalca.com\/wp-content\/uploads\/2024\/09\/WhatsApp-Image-2024-09-17-at-23.03.47-1536x1152.jpeg 1536w\" sizes=\"(max-width: 2016px) 100vw, 2016px\" \/><\/figure><div class=\"elementor-image-box-content\"><p class=\"elementor-image-box-description\">Estamos orgullosos de anunciar que desde el a\u00f1o 2021,  el Colegio Alca forma parte del proyecto energ\u00eda fotovoltaica .<\/p><\/div><\/div>\t\t\t\t<\/div>\n\t\t\t\t<\/div>\n\t\t\t\t\t<\/div>\n\t\t\t\t<\/div>\n\t\t\t\t<\/div>\n\t\t","protected":false},"excerpt":{"rendered":"<p>pROYECTOS NACIONALES Proyectos nacionales Plan proxecta , meteoescolas Nos complace compartir en nuestra web una emocionante noticia sobre el proyecto MeteoEscolas, en el que nuestros alumnos de 3\u00ba y 4\u00ba de primaria han tenido la oportunidad de demostrar sus conocimientos en meteorolog\u00eda. Recientemente, recibimos la visita de un equipo de la Televisi\u00f3n de Galicia (TVG), [&hellip;]<\/p>\n","protected":false},"author":1,"featured_media":0,"parent":0,"menu_order":0,"comment_status":"closed","ping_status":"closed","template":"elementor_header_footer","meta":{"footnotes":""},"class_list":["post-39","page","type-page","status-publish","hentry"],"_links":{"self":[{"href":"https:\/\/www.colegioalca.com\/index.php\/wp-json\/wp\/v2\/pages\/39","targetHints":{"allow":["GET"]}}],"collection":[{"href":"https:\/\/www.colegioalca.com\/index.php\/wp-json\/wp\/v2\/pages"}],"about":[{"href":"https:\/\/www.colegioalca.com\/index.php\/wp-json\/wp\/v2\/types\/page"}],"author":[{"embeddable":true,"href":"https:\/\/www.colegioalca.com\/index.php\/wp-json\/wp\/v2\/users\/1"}],"replies":[{"embeddable":true,"href":"https:\/\/www.colegioalca.com\/index.php\/wp-json\/wp\/v2\/comments?post=39"}],"version-history":[{"count":15,"href":"https:\/\/www.colegioalca.com\/index.php\/wp-json\/wp\/v2\/pages\/39\/revisions"}],"predecessor-version":[{"id":1090,"href":"https:\/\/www.colegioalca.com\/index.php\/wp-json\/wp\/v2\/pages\/39\/revisions\/1090"}],"wp:attachment":[{"href":"https:\/\/www.colegioalca.com\/index.php\/wp-json\/wp\/v2\/media?parent=39"}],"curies":[{"name":"wp","href":"https:\/\/api.w.org\/{rel}","templated":true}]}}